{"id":913,"date":"2021-02-11T22:34:02","date_gmt":"2021-02-11T21:34:02","guid":{"rendered":"https:\/\/transport.put.poznan.pl\/?page_id=913"},"modified":"2021-02-11T23:19:35","modified_gmt":"2021-02-11T22:19:35","slug":"systemy-transportowe-i-logistyczne","status":"publish","type":"page","link":"https:\/\/transport.put.poznan.pl\/en\/systemy-transportowe-i-logistyczne\/","title":{"rendered":"Systemy transportowe i logistyczne"},"content":{"rendered":"\n<section class=\"wp-block-themeisle-blocks-advanced-columns alignfull has-2-columns has-desktop-equal-layout has-tablet-equal-layout has-mobile-collapsedRows-layout has-nogap-gap has-vertical-center\" id=\"wp-block-themeisle-blocks-advanced-columns-debe9c02\"><div class=\"wp-block-themeisle-blocks-advanced-columns-overlay\"><\/div><div class=\"innerblocks-wrap\">\n<div class=\"wp-block-themeisle-blocks-advanced-column\" id=\"wp-block-themeisle-blocks-advanced-column-1cf06e66\">\n<h1 id=\"wp-block-themeisle-blocks-advanced-heading-b7196eeb\" class=\"wp-block-themeisle-blocks-advanced-heading wp-block-themeisle-blocks-advanced-heading-b7196eeb\">Optymalizacja dystrybucji i magazynowania<\/h1>\n\n\n\n<p><br>Do\u015bwiadczenie pracownik\u00f3w Instytutu Transportu (IT) wykorzystywane jest przy budowie lub reorganizacji system\u00f3w magazynowania i dystrybucji towar\u00f3w. Dotyczy to zagadnie\u0144 kszta\u0142towania polityk i optymalizacji struktury, poziomu zapasu towar\u00f3w oraz proces\u00f3w i procedur realizowanych w sferze magazynowania. Prowadzimy audyty i oceny istniej\u0105cych struktur sieci dystrybucji towar\u00f3w oraz projektujemy docelowe &#8211; optymalne rozwi\u0105zania. We wszystkich obszarach stosowane s\u0105 techniki optymalizacji jedno- lub wielokryterialnej, narz\u0119dzia wielokryterialnej oceny oraz narz\u0119dzia projektowania i symulacji przebiegu proces\u00f3w.<\/p>\n\n\n\n<div class=\"wp-block-buttons is-layout-flex wp-block-buttons-is-layout-flex\"><\/div>\n<\/div>\n\n\n\n<div class=\"wp-block-themeisle-blocks-advanced-column\" id=\"wp-block-themeisle-blocks-advanced-column-11e58f7d\">\n<figure class=\"wp-block-image size-large\"><img loading=\"lazy\" decoding=\"async\" width=\"1024\" height=\"768\" src=\"https:\/\/transport.put.poznan.pl\/wp-content\/uploads\/2021\/02\/boardwalk-sunset-road-traffic-street-car-793901-pxhere.com_-1024x768.jpg\" alt=\"\" class=\"wp-image-916\" srcset=\"https:\/\/transport.put.poznan.pl\/wp-content\/uploads\/2021\/02\/boardwalk-sunset-road-traffic-street-car-793901-pxhere.com_-1024x768.jpg 1024w, https:\/\/transport.put.poznan.pl\/wp-content\/uploads\/2021\/02\/boardwalk-sunset-road-traffic-street-car-793901-pxhere.com_-300x225.jpg 300w, https:\/\/transport.put.poznan.pl\/wp-content\/uploads\/2021\/02\/boardwalk-sunset-road-traffic-street-car-793901-pxhere.com_-768x576.jpg 768w, https:\/\/transport.put.poznan.pl\/wp-content\/uploads\/2021\/02\/boardwalk-sunset-road-traffic-street-car-793901-pxhere.com_-1536x1152.jpg 1536w, https:\/\/transport.put.poznan.pl\/wp-content\/uploads\/2021\/02\/boardwalk-sunset-road-traffic-street-car-793901-pxhere.com_-2048x1536.jpg 2048w\" sizes=\"auto, (max-width: 706px) 89vw, (max-width: 767px) 82vw, 740px\" \/><\/figure>\n<\/div>\n<\/div><\/section>\n\n\n\n<section class=\"wp-block-themeisle-blocks-advanced-columns alignfull has-2-columns has-desktop-equal-layout has-tablet-equal-layout has-mobile-collapsedRows-layout has-nogap-gap has-vertical-center\" id=\"wp-block-themeisle-blocks-advanced-columns-f341421c\"><div class=\"wp-block-themeisle-blocks-advanced-columns-overlay\"><\/div><div class=\"innerblocks-wrap\">\n<div class=\"wp-block-themeisle-blocks-advanced-column\" id=\"wp-block-themeisle-blocks-advanced-column-6adb2604\">\n<figure class=\"wp-block-image size-large\"><img loading=\"lazy\" decoding=\"async\" width=\"1024\" height=\"576\" src=\"https:\/\/transport.put.poznan.pl\/wp-content\/uploads\/2021\/02\/port-675539_1280-1024x576.jpg\" alt=\"\" class=\"wp-image-917\" srcset=\"https:\/\/transport.put.poznan.pl\/wp-content\/uploads\/2021\/02\/port-675539_1280-1024x576.jpg 1024w, https:\/\/transport.put.poznan.pl\/wp-content\/uploads\/2021\/02\/port-675539_1280-300x169.jpg 300w, https:\/\/transport.put.poznan.pl\/wp-content\/uploads\/2021\/02\/port-675539_1280-768x432.jpg 768w, https:\/\/transport.put.poznan.pl\/wp-content\/uploads\/2021\/02\/port-675539_1280.jpg 1280w\" sizes=\"auto, (max-width: 706px) 89vw, (max-width: 767px) 82vw, 740px\" \/><\/figure>\n\n\n\n<div class=\"wp-block-buttons is-layout-flex wp-block-buttons-is-layout-flex\"><\/div>\n<\/div>\n\n\n\n<div class=\"wp-block-themeisle-blocks-advanced-column\" id=\"wp-block-themeisle-blocks-advanced-column-d7e8f77c\">\n<h1 id=\"wp-block-themeisle-blocks-advanced-heading-f67de539\" class=\"wp-block-themeisle-blocks-advanced-heading wp-block-themeisle-blocks-advanced-heading-f67de539\">Projektowanie dedykowanych rozwi\u0105za\u0144 logistycznych<\/h1>\n\n\n\n<p>Uczestniczymy w realizacji przedsi\u0119wzi\u0119\u0107 maj\u0105cych na celu wypracowanie docelowych rozwi\u0105za\u0144 transportowych i logistycznych, zgodnych ze specyfikacj\u0105 klienta i za\u0142o\u017ceniami projektowymi. W tym zakresie wykorzystujemy dost\u0119pne techniki i narz\u0119dzia projektowania in\u017cynierskiego (techniki optymalizacji, symulacji i wspomagania podejmowania decyzji) oraz prowadzimy prace B+R. Do typowych rozwi\u0105za\u0144 w tym zakresie mo\u017cna zaliczy\u0107: projektowanie i implementacj\u0119 algorytm\u00f3w optymalizacji planowania tras, budowy paletowych jednostek \u0142adunkowych typu MIX oraz no\u015bnik\u00f3w typu Sandwich, projektowanie polityki wymiany taboru oraz wspomaganie decyzji typu do-or-buy w zakresie us\u0142ug transportowych. W obszarze kompetencji IT znajduje si\u0119 r\u00f3wnie\u017c projektowanie rozwi\u0105za\u0144 w zakresie kszta\u0142towania sieci recyklingu pojazd\u00f3w oraz organizacji proces\u00f3w recyklingu.<\/p>\n<\/div>\n<\/div><\/section>\n\n\n\n<section class=\"wp-block-themeisle-blocks-advanced-columns alignfull has-2-columns has-desktop-equal-layout has-tablet-equal-layout has-mobile-collapsedRows-layout has-nogap-gap has-vertical-center\" id=\"wp-block-themeisle-blocks-advanced-columns-57926ab5\"><div class=\"wp-block-themeisle-blocks-advanced-columns-overlay\"><\/div><div class=\"innerblocks-wrap\">\n<div class=\"wp-block-themeisle-blocks-advanced-column\" id=\"wp-block-themeisle-blocks-advanced-column-db76ff3e\">\n<h1 id=\"wp-block-themeisle-blocks-advanced-heading-6f91c61e\" class=\"wp-block-themeisle-blocks-advanced-heading wp-block-themeisle-blocks-advanced-heading-6f91c61e\">Planowanie zr\u00f3wnowa\u017conego transportu<\/h1>\n\n\n\n<p>Oferujemy wykonawstwo opracowa\u0144 w zakresie rozwoju transportu. Kompetencje zespo\u0142u pracownik\u00f3w IT obejmuj\u0105 m.in. planowanie rozwi\u0105za\u0144 dla transportu zbiorowego (w tym: lokalizacja przystank\u00f3w, projektowanie sieci transportowych, opracowanie modeli podr\u00f3\u017cy, analizy op\u0142acalno\u015bci) oraz indywidualnego (np. lokalizacje stacji \u0142adowania pojazd\u00f3w elektrycznych). W planowaniu transportu wykorzystujemy r\u00f3\u017cne narz\u0119dzia i techniki, cz\u0119sto w powi\u0105zaniu ze sob\u0105 (np. wielokryterialne wspomaganie decyzji, symulacj\u0119 ruchu w skali mikro i makro, matematyczne modele optymalizacyjne, ocena rozwi\u0105za\u0144 uk\u0142ad\u00f3w drogowych). W\u015br\u00f3d zrealizowanych projekt\u00f3w wymieni\u0107 mo\u017cna: plan transportowy dla wojew\u00f3dztwa wielkopolskiego, powiatu gnie\u017anie\u0144skiego, ocen\u0119 wariant\u00f3w przebudowy ronda Rataje, uk\u0142adu drogowego w rejonie zak\u0142adu produkcji samochod\u00f3w, czy te\u017c metodologii bada\u0144 w zakresie publicznego transportu zbiorowego (PTZ) regionu \u0142\u00f3dzkiego.<\/p>\n\n\n\n<div class=\"wp-block-buttons is-layout-flex wp-block-buttons-is-layout-flex\"><\/div>\n<\/div>\n\n\n\n<div class=\"wp-block-themeisle-blocks-advanced-column\" id=\"wp-block-themeisle-blocks-advanced-column-272e9c4c\">\n<figure class=\"wp-block-image size-large\"><img loading=\"lazy\" decoding=\"async\" width=\"1024\" height=\"679\" src=\"https:\/\/transport.put.poznan.pl\/wp-content\/uploads\/2020\/07\/Zrzut-ekranu-2020-07-14-o-18.45.47-3-1024x679.png\" alt=\"\" class=\"wp-image-538\" srcset=\"https:\/\/transport.put.poznan.pl\/wp-content\/uploads\/2020\/07\/Zrzut-ekranu-2020-07-14-o-18.45.47-3-1024x679.png 1024w, https:\/\/transport.put.poznan.pl\/wp-content\/uploads\/2020\/07\/Zrzut-ekranu-2020-07-14-o-18.45.47-3-300x199.png 300w, https:\/\/transport.put.poznan.pl\/wp-content\/uploads\/2020\/07\/Zrzut-ekranu-2020-07-14-o-18.45.47-3-768x509.png 768w, https:\/\/transport.put.poznan.pl\/wp-content\/uploads\/2020\/07\/Zrzut-ekranu-2020-07-14-o-18.45.47-3-1536x1019.png 1536w, https:\/\/transport.put.poznan.pl\/wp-content\/uploads\/2020\/07\/Zrzut-ekranu-2020-07-14-o-18.45.47-3-2048x1359.png 2048w\" sizes=\"auto, (max-width: 706px) 89vw, (max-width: 767px) 82vw, 740px\" \/><\/figure>\n<\/div>\n<\/div><\/section>\n","protected":false},"excerpt":{"rendered":"","protected":false},"author":2,"featured_media":0,"parent":0,"menu_order":0,"comment_status":"closed","ping_status":"closed","template":"","meta":{"footnotes":""},"class_list":["post-913","page","type-page","status-publish","hentry"],"_links":{"self":[{"href":"https:\/\/transport.put.poznan.pl\/en\/wp-json\/wp\/v2\/pages\/913","targetHints":{"allow":["GET"]}}],"collection":[{"href":"https:\/\/transport.put.poznan.pl\/en\/wp-json\/wp\/v2\/pages"}],"about":[{"href":"https:\/\/transport.put.poznan.pl\/en\/wp-json\/wp\/v2\/types\/page"}],"author":[{"embeddable":true,"href":"https:\/\/transport.put.poznan.pl\/en\/wp-json\/wp\/v2\/users\/2"}],"replies":[{"embeddable":true,"href":"https:\/\/transport.put.poznan.pl\/en\/wp-json\/wp\/v2\/comments?post=913"}],"version-history":[{"count":5,"href":"https:\/\/transport.put.poznan.pl\/en\/wp-json\/wp\/v2\/pages\/913\/revisions"}],"predecessor-version":[{"id":935,"href":"https:\/\/transport.put.poznan.pl\/en\/wp-json\/wp\/v2\/pages\/913\/revisions\/935"}],"wp:attachment":[{"href":"https:\/\/transport.put.poznan.pl\/en\/wp-json\/wp\/v2\/media?parent=913"}],"curies":[{"name":"wp","href":"https:\/\/api.w.org\/{rel}","templated":true}]}}