{"id":64,"date":"2020-05-28T11:01:24","date_gmt":"2020-05-28T09:01:24","guid":{"rendered":"http:\/\/transport.put.poznan.pl\/?page_id=64"},"modified":"2022-01-04T11:46:26","modified_gmt":"2022-01-04T10:46:26","slug":"badania","status":"publish","type":"page","link":"https:\/\/transport.put.poznan.pl\/en\/badania\/","title":{"rendered":"Division of Rail Transport: Research projcets"},"content":{"rendered":"\n<p><strong><strong>\u201cDeveloping a numerical model for simulating noise levels and psychoacoustic attributes of sound in the vicinity of rail infrastructure\u201d<\/strong> <\/strong>(PPN\/BDE\/2020\/1\/00009) funded by the Polish National Agency for Academic Exchange under the bilateral scientist exchange programme with the Federal Republic of Germany.<\/p>\n\n\n\n<figure class=\"wp-block-image size-large\"><img loading=\"lazy\" decoding=\"async\" width=\"710\" height=\"310\" src=\"https:\/\/transport.put.poznan.pl\/wp-content\/uploads\/2021\/01\/obraz.png\" alt=\"\" class=\"wp-image-684\" srcset=\"https:\/\/transport.put.poznan.pl\/wp-content\/uploads\/2021\/01\/obraz.png 710w, https:\/\/transport.put.poznan.pl\/wp-content\/uploads\/2021\/01\/obraz-300x131.png 300w\" sizes=\"auto, (max-width: 710px) 100vw, 710px\" \/><\/figure>\n\n\n\n<p>Project duration: 2021-2022<br>Project manager (on the part of the Pozna\u0144 University of Technology): dr in\u017c. Pawe\u0142 Komorski <\/p>\n\n\n\n<p>The aim of the project is to develop a model for simulating noise levels and psychoacoustic attributes of sound in the vicinity of rail infrastructure. The model shall include the representation of the propagation of noise of the wheel rolling on the rail, which is the main component of the noise generated by moving urban railway vehicles.<\/p>\n\n\n\n<hr class=\"wp-block-separator\"\/>\n\n\n\n<p><strong>&#8220;DESTINATE: Decision supporting tools for implementation of cost-efficient railway noise abatement measures&#8221; <\/strong>(H2020-S2RJU-OC-2015-01-2), ), co-funded by the European Commission under the Shift2Rail initiative.<\/p>\n\n\n\n<figure class=\"wp-block-image size-large is-resized\"><img loading=\"lazy\" decoding=\"async\" src=\"http:\/\/transport.put.poznan.pl\/wp-content\/uploads\/2020\/07\/obraz-3-1024x553.png\" alt=\"\" class=\"wp-image-359\" width=\"740\" height=\"399\"\/><\/figure>\n\n\n\n<p>Project duration: 2016-2018<br>Project manager (on the part of the Pozna\u0144 University of Technology): dr hab. in\u017c. Bartosz Firlik, Associate Professor <\/p>\n\n\n\n<p>The DESTINATE project looked to develop new tools and methodologies for simulating railway noise and analysing the costs and benefits of external and internal noise abatement measures in railway vehicles. Structural and airborne sources were characterised in order to accurately predict the noise level, which constituted input data for simulation models for predicting noise levels. The calculated internal and external noise levels were auralised and visualised to evaluate the quality of sound and acoustic comfort, as well as the usefulness of possible technologies at the vehicle design stage. This way, human perception can be taken into account already at the design stage of the acoustic conditions of the vehicle and can also influence decisions on the costs of various design options, which constitutes a\u00a0crucial project parameter. The DESTINATE project contributed to further development of the cost-effectiveness prediction by creating the foundation for tools supporting decision-making in terms of vibrations and noise<\/p>\n\n\n\n<div class=\"wp-block-group\"><div class=\"wp-block-group__inner-container is-layout-flow wp-block-group-is-layout-flow\">\n<hr class=\"wp-block-separator\"\/>\n<\/div><\/div>\n\n\n\n<p><strong><strong>\u201cDevelopment of the technology for reducing the cost of tramway wheel use by way of gradually putting an innovative universal wheel into use\u201d<\/strong> <\/strong>(POIR.01.01.01-00-1920\/15) co-financed by the National Centre for Research and Development within the scope of the Smart Growth Operational Programme 2014-2020, priority axis: Support for R&#038;D activity of enterprises Measure 1.1: R&#038;D projects of enterprises, Sub-Measure 1.1.1: Industrial research and development work implemented by enterprises.<\/p>\n\n\n\n<figure class=\"wp-block-image size-large is-resized\"><img loading=\"lazy\" decoding=\"async\" src=\"http:\/\/transport.put.poznan.pl\/wp-content\/uploads\/2020\/07\/obraz-1-1024x431.png\" alt=\"\" class=\"wp-image-356\" width=\"740\" height=\"311\" srcset=\"https:\/\/transport.put.poznan.pl\/wp-content\/uploads\/2020\/07\/obraz-1-1024x431.png 1024w, https:\/\/transport.put.poznan.pl\/wp-content\/uploads\/2020\/07\/obraz-1-300x126.png 300w, https:\/\/transport.put.poznan.pl\/wp-content\/uploads\/2020\/07\/obraz-1-768x323.png 768w, https:\/\/transport.put.poznan.pl\/wp-content\/uploads\/2020\/07\/obraz-1.png 1287w\" sizes=\"auto, (max-width: 706px) 89vw, (max-width: 767px) 82vw, 740px\" \/><\/figure>\n\n\n\n<p>Project duration: 2016-2019<br>Project manager (on the part of the Pozna\u0144 University of Technology): dr hab. in\u017c. Bartosz Firlik, Associate Professor<br><br>The main aim of the project was the development of technology making it possible to reduce the cost of tramway operation by putting an innovative universal wheel into use. The project results are intended for entities using urban rolling stock, regardless of their size, the number of tramways in operation, wheel types, pace of rolling stock renovation, configuration of the rail network, and the complexity of technical equipment. The mode of implementation takes into account the wheel renovation method and the wheel type chosen by the user. The project made it possible to reduce the cost of tramway repairs within the area of running gear components, decrease the diversity of spare part assortment, and unify materials and the spare parts.<\/p>\n\n\n\n<hr class=\"wp-block-separator\"\/>\n\n\n\n<p><strong><strong>\u201cIdentification and modelling of non-linear phenomena in the contact area of the friction lining with the brake disc of a railway vehicle in the context of stabilizing the instantaneous coefficient of friction\u201d<\/strong> <\/strong>(LIDER\/022\/359\/L-5\/13\/NCBR\/2014), financed by the National Centre for Research and Development under the LIDER programme (support for the development of academic staff, in particular enhancing their competencies in planning and managing research on their own, as well as leading a research team by implementing research projects aimed at direct application).<\/p>\n\n\n\n<figure class=\"wp-block-image size-large\"><img loading=\"lazy\" decoding=\"async\" width=\"553\" height=\"91\" src=\"http:\/\/transport.put.poznan.pl\/wp-content\/uploads\/2020\/07\/image-1.jpeg\" alt=\"data:image\/jpeg;base64,\/9j\/4AAQSkZJRgABAQAAAQABAAD\/2wCEAAkGBxETEBUTEhMWFhUVGBkYFxgXFxsYFRYXFxgXGRYVExUYHSggGBolHhUXIT0iJSkrLi4uGB8zODMsNygtLisBCgoKDg0OGxAQGzIlHiYrLi8tLS8wNi0vLSstLSswLi0vNy0tLSstLy0tKy8tLS0vLS0tKy0tLS0rLSstLS0tLf\/AABEIAFsCKQMBIgACEQEDEQH\/xAAcAAEAAQUBAQAAAAAAAAAAAAAABgEDBAUHAgj\/xABEEAABAwIDBQUEBggFBAMAAAABAAIDBBEFEiETMUFRYQYHInGBMpGhsRQVIzNy0UJSU2JzwdLwF4KSk7IWVGOzJDRD\/8QAGwEBAAMBAQEBAAAAAAAAAAAAAAECAwQFBgf\/xAArEQEAAgIABQIFBAMAAAAAAAAAAQIDEQQSEyExQVEFFCJhgRWxwfAGMoL\/2gAMAwEAAhEDEQA\/AO4qhK1vaTFxS00k5F8o8I\/WcdGjyuVxqTEq7EKhse0c50h8LAcsbRa50HAAbzcoO4SV8LfalYPNwH814+tKf9tH\/rb+agNF3Ust9tOc3EMaAPe7UrIm7r6UNcdrLoCf0eA\/Cgm7cSgJsJo7n99v5rKXzhhjgJonW3SMPucCu4f9UR\/qP+H5oN+i0H\/VEf6j\/h+avw9pIDvzN8xp8LoNwitwzNeMzSCOYVxAREQEREBERAREQEREBERAREQEREBERAREQEREBERAREQEREBERAREQEREBERAREQEREBERAREQEREBERAREQEREBERAREQEREBERBqe1OEfS6WSG+UuF2ngHNN236LkGHipwysZLLC7wXB\/Ve1wIOR+7r6Lq\/bHtEKKnz5cz3HKxp3F1r3d0C5th8+I4rMYzMQwC77eGNreAyjeeiDoNB27w+RoJmDDykBaR67lk1PaihLHAVMWrT+mOSj9N3W0oH2kszj0LWj0GU\/NXJ+7OhDXG82gJ+8HAfhQcnovvGfib8wuv9m6Zkkrg9ocA29jzuFyCj+8Z+JvzC7J2S++d+A\/8AJqDfHBaf9k1arF8AY1hfFcZRct3gjjbkpGStRjmLRsjcxrg57gRYa2vxKCP4FWOjmbY+Fxs4cNdx81OFCcAoXSStNvC03J4abh5qbICIqFBVFqhjcZbMbH7B2R4430sR0N\/gVshK29ri44X19yjaZrMeXtFbMzf1hvtvG\/l5rHxCuEbQdCS5otex8Tg2\/pdSalmIvAlbe1xcbxfUeYVS8c0Q9IvIkF7XFxwvr7lg1eIkSbOON0jgA5wBa0NBvluXHebGw6JtMRMtgittkF9SAbXtcXC8TVcbWlznABu83va+69kRpfReNoOY96OkaN5A8yg9ovLZAdxBtv13ea9ICIiAiIgIiICIiAiIgIiICIiAiIgIiILdTOyNjnvcGtaCXOJsABvJK5f2g73mtcWUcQeB\/wDrISGn8DBqR1JHksfvexh8sopGH7NlnSAfpvOrQejRrbmei59SYQZJGRgWL3NaCdwLiBc+9b0xbjcuS3G4a25d90m\/xWxK\/tQeWzP9Sp\/itiX60P8AtH+partP2TdR1Gxc4P8ACHBwFgQb8Du1BWq+r+i0jHExuEW47DWeW090tb3sYjlI+wvz2Z09MyrB3s4gL5tg7\/IRbro5azsv2NfWuka1zWbNma7gTfkBb5rSHDrG1tyjpxM6TPG4orFpntPhK296+I3veC3LZn55lmVPe\/VloDIoWO4u8Tr+Tbi3vKwMA7vH1NP9IM0cTMxHjvwNrk7hqr2Id2E7IjJDJFUBupEZ8VuOUbj5b1XlpvTWM0TXmjeim72cQa679g8cshb8Q5Ztf3w1LgBDBFGbalzjJrxsLNsFBPq\/opL2d7v31UDp9rHExrst334WuTwA1VrY4jvLPHxmPJOqzuWTT97OIB13bB45ZC34hyldD3v0pgc6aJ7JW7o2+Jr\/AMLza3rb1UXl7tWNaT9PpdATvtu63UO+r+iiMdbeDJxePH\/tKa4h3u1jj9lHDE3gCDIbdTcD4KlB3u1rT9qyGUcgDGfQ3PyVjDu7Z0lNHUPqYYWyC7Q+\/G9gTcC9hey84n3ayxwOmilinYwEu2Z1AG8jeDbfZRy08NOtGt93TMF7waCenfMZBFsxeRkhAc2+gtb2wTpoobjffA4uLaSFoaNz5blx6iMbh5n3LnP1cOSr9X9FaMDn\/UMHulkPexiIN3GBw5bMj4hym3ZPvRp6l4iqGiCRxs05rxOJ3AONi09D71x36v6Khw7ok4dn6hg931Gig\/dZjr5qYwSkmSCwBO90Z9m54kWtfyTvMx10UbaeM2dKCXkbwzdlH4jf0BXHlnpxO3pcFj+bvWuOfPr+732g7wIonFkDdq4aF17Rg8gRq7006qNP7w60m42QHLIT8cyiSqvNtnvM+X2WH4Xw2OuuXf3nu6FhPeScwbUxAD9eO+nUsPDyPop\/S1LJGB8bg5rhcEagr5+Uu7uccMNQIHH7OY2A\/Vk4Ecr7vctcPETvVnB8R+E4+ScmGNTHp7usIiLvfMIP3r4ZJLTMkjaXbFxLgN+UixdbpYel1CewHaZlHM7aAmOUAEt1LSL2dbiNSu3EKN4t2HoZyXGLI473RnLfqQNPggzqPtJRyC7KiM+bgD6g6hXqrE4Mjvto\/ZP6beR6qGzd1VOfZnlHmGu\/kFa\/wni\/7l\/+2380HNaL7xn4m\/MLqVBSSSuLYzqBffbS4G\/1WtxLu7ZTtbIKh7rOGhYB14HopJ2R++d+A\/8AJqDDqMMqW+01xHQ5vkVjUsjGO+0jz9CSLf31XQljVdDHILPaD14jyKDEwvFYHgNZ4DwaRb3W0K2ihmMYI6LxN8TPi3z\/ADW47M4g6RpY83cy1jxIPPysg3aoVVUKCF4m3JHNKNzpZIn+RkGzcfJ1x5PVyWoa6rBGya7PM0ta07YgRv8AFK7kbAgW5aqW6JlHJU5G3W7eERMVOxjBKGhhpgY78ZDq8t5yHw9Vbl2e6e232lLlv7drRXLeOXNnvw3qYtLTpocp87Hl0Oqq4DjZORMZkUhije9rBbbuknE1vbyOEgOc78urLellZZK59nG\/29qb1jLc3yn1UysAeFz71SwTlOt9kXwWP\/5Ju6ISNkmztF9s5pccoffe0DIRwsBZbH6WyCpl2rgwShjmOdo05W5XNvzFr2\/eW4DRfqhYDvF1PLpS2TmnuiDmZqmQl8TXiRzhe+2fHsvC1h3FhHpoeKtVFHE2EDI3KaWN77je4Pb43X3mxdqeZU0yjkhA6f3wUcq3WlGKlkTXySiwayWms4bmxjITY8G219OitRbOaUXs9hqJiL6tNoW2NtxClmUckDByTlOqjnZyFrJIcotmpru5uOdli48Tqd6kyoGqqtEaZ3tzTsREUqiIiAiIgIiICIiAiIgIiICIiAiIg4Z2kfesqCd+1kHoHED4AK1glvpMP8Rn\/ILP7z6F0FaX28E\/iaeGYWD2+e4+qjOG4mI5o3u3Me1xtvsHAm3uXdHevZ8pfhclc8zMev8AKb95\/wD94fwm\/N6iWimeOY9glVLtZZZ82UN8LHAWFzut1UP7RVNEJG\/QnSOZbxbQWs6+mW4B3KuOe0RprxnB3tktkrMTEz+U17rPvKj+GPmVCZrZj5n5rb93\/aeClkmM5ID47NsCdQSbaeair625J5klTWPrlXLgvPD46xHeN\/u6XTW+oH\/jP\/sCwe7KZwrcrfZcx2YcNLWJ\/virPZ7tRQfVxpKp8jSXEnI0m4zZhYgFXaXtXhdEx7qJskszhYOkBAb5k2042A1ss53qY07K4J58WTeorWN+\/Zpe0cTW1c7W7hI63vUz7KxxOwiZsziyMudmcBcgeHUBcrmxFznFzjcuJJPMk3KmnZbtTQtoJKWqc9udx1Y0m7TbcQDY6K+SJ5YYcJitGa1pjUTE+fHdWsw3ChG8x1b3PDSWtyb3W0HsjeVGtFIHyYDY2mqb208J3+rVDTWclan92w4nhb7jVY\/5dcqqOCXCaRs8whb4CHEXBdkeMvuJPovE0UWF0kmQvlNSLNdYbMHKQ0kjQe1fqojjnaiCTC6WnYTtY3AvFrABrXt37jfMNyv9mu10H0KajrCcmU7JwGYgm\/hHIg2IWXLOvz4ejr6+0atyxq33149kfFk0WsFYn0xdDxflcvs2eiaLWfTE+mIfK5PZ0HuweRXEDcYnX9HMKx+8d5OIPvwYwDysT\/Nbfuhw52WSqcLB32cfUA3eR0uAP8pVO9PC3B8dS0XaRkeeRGrCehuR6DmvK4\/vHb0fdf4nHRtFb+Z3r+\/hAkRF5L78V\/D3ETRkbw9hHmHCysLfdicKdPWR6eCMiR54WabtHqQPiprEzMRDPPeuPHa1vEQ7QiIvZfnoiIgIiIKFoO9UDByC9IgIiIKOaCLHUFaTCcP2VTIB7JaC3yJ3ellvFqqmuy1bGHc5pHqTp8vig2qo5VVCEESgsKnNkcw\/SJAZf0HCxtHoST6gDwq\/Fj0hLmNdFI47PI5rXBgMjy3xXPiAte4Oqzn4JmLs0jjG57n5LADM4Eau3m1yvDcAOpdM8uysa02aMmycXMIAFibnXms4iYdE3pPlhx1ksQmLpImSGcgktcWutEy2RjTmva3O2q81WJySMbI1rMscUdSQ7Mblwd4RYjgCbm\/DRZ7cDcDmEz9oXOJfZuoe1rXANtYew23Je4sDaIzHmdYwthubXs3NZ3n4lOpOenlkV8gD4BlBzSWBO9vgebjrpb1Wn7T5RKC6NzwIXkWNshzM+0JuCAL7xcrf1FKHujJJ+zdmHXwubY\/6l4noQ9+c\/s3RkcCHEE\/JTMTKlLxWYlqRiE7OLCyExxyEg53lzWZntN7ADMDa2uquuxKdr3h2zcxjow5zQ4Zc7wCNSbkNIPqF7jwK1htHlvgL2kC0jowA0k7xfK29t9l7hwh4jkjdKXNkD7+EBwL73dcbyL\/AKNSndGN9eu8V2jSRwHWJrHPz+fgcPcrcmIS5cszY3Z2NkaADYfaMaWuudSM7TfTyWfHgjA9riScsWysdzgd7j+9qR6lYNbhhjjuXvkcdnEzw+y3O11jlH7ou48gndMTSZ7M2LE3EsFh4ppIz0DM9iOvgW1C1TMItKH7R2Vr3SNZYWzPBDrneR4ifVbUK0b9Wd+Xf0qoiKVBERAREQEREBERAREQEREBERAREQEREGr7RYFDWQOhmGh1Dho5juDmHgQuI9oe7bEKdx2bTPFwfH7Vv3473B8rhfQSK1bzUfLP1NVXtsZr\/AMJ\/9KoMIqv2M2n\/AIn\/ANK+p0V+rI+W24FWFpcIJ7Djsn\/kvVPgFY++SnnNtfu3\/wAwvqJE6sj5abgtWTlEE1+Wyf8Aksyp7I4jG0PfSzBp45c3vDbkeoC+mUTqyPl2mwCskOVkE5PLZvHxIssyv7F4lCAZKaWxF7ttJa\/B2zJsehX0sidWR8uU+AVjzlZBOTy2bx8SFLKDunxB8DpHuZHJ+hE43Luedzbhnx62Xd0Scsj5jxDsrXwm0tPMPJpeD5OZcFUoOy1fMbRU8x82lgHm59gF9OonVkcmwXufBp3fSpiJ3DwbM3ZEet\/vCd3LlzUMxvu\/xGmcQYnSsG6SLxAjq0eJp8x6lfRiKIyWHy3DgdW45WwTk8tk\/wDJTXsl3V1Mrg+tvDED93cbV45GxIYPj5Lt6JOWRapadkbGxxtDWMAa1o0AA3AKlXTMlY6ORoc1wsQeIV5FnMbTEzE7hynH+wNRE4upwZo+VxtG9CDbN5jXoo0\/C6gGxhlv+B35LvaLltwlZntOnt4fjuatdXrFvv4cawnsZWTuF4zEzi+TTTo3eT\/d11Ls\/gkVJFs4xv1c4+093M\/lwWzRaY8Fad\/Vx8Z8SzcTHLbtX2j+RERbPPEREBERAREQEREBRXtYwiWN45aHq03\/AJqVLDxWgE0ZadDvaeR\/JBXDKwSxh437iOR4hZahVHVS0spDmmx9pvA9WlS2jrWStzMN\/mPMIMhERAREQEREBERAVLKqIKBVREBERAREQEREBERAREQEREBERAREQEREBERAREQEREBERAREQEREBERAREQEREBERAREQEREBERAREQEREBERAREQEREBERBanp2PFntDh1F1gjAoQ7MzMw\/uuIWzRBbhYQLFxd1Nr\/BXERAREQEREBERAREQEREBERAREQEREBERAREQEREBERAREQEREBERAREQEREBERAREQEREBERAREQEREBERAREQEREBERAREQf\/Z\" class=\"wp-image-352\" srcset=\"https:\/\/transport.put.poznan.pl\/wp-content\/uploads\/2020\/07\/image-1.jpeg 553w, https:\/\/transport.put.poznan.pl\/wp-content\/uploads\/2020\/07\/image-1-300x49.jpeg 300w\" sizes=\"auto, (max-width: 553px) 100vw, 553px\" \/><\/figure>\n\n\n\n<p>Project duration: 2015-2018<br>Project manager: dr hab. in\u017c. Wojciech Sawczuk<br><br>The primary scientific goal of the project was the identification and modelling of major non-linear phenomena taking place in the contact area of the brake pad with the brake disc. The project involved research in the following fields:<\/p>\n\n\n\n<ul class=\"wp-block-list\"><li>Contact mechanics (pressure distribution of the &nbsp;between brake pad and the brake disk).<\/li><li>Material research (an attempt to slightly improve the characteristics of the current friction pair combination).<\/li><li>Tribology (the key to understanding the phenomena occurring in the contact area of the brake disk and brake pad pair).<\/li><li>Dynamics (behaviour of the lever mechanism with the brake pad installed).<\/li><li>Noise (analysed with respect to the mechanism of its generation and propagation into the environment or vehicle interior when the brake is operating).<\/li><li>Vibration (a phenomenon preceding the generated noise).<\/li><\/ul>\n\n\n\n<p>The project gave rise to two patents:<\/p>\n\n\n\n<p><strong>P.418361<\/strong> <em>Tarcza hamulcowa<\/em> [Brake disk]. Wojciech Sawczuk (Politechnika Pozna\u0144ska),<\/p>\n\n\n\n<p><strong>P.408529 <\/strong><em>Prowadnik r\u00f3wnoleg\u0142o\u015bci hamulca pojazd\u00f3w szynowych<\/em> [Guide for ensuring parallelism of the brake pad friction lining for railway vehicles], Wojciech Sawczuk (Politechnika Pozna\u0144ska), S\u0142awomir Ko\u0142odziejski (AKSA Poland Hydraulika).<\/p>\n\n\n\n<div id=\"wp-block-themeisle-blocks-button-group-daa71d4a\" class=\"wp-block-themeisle-blocks-button-group wp-block-buttons\"><\/div>\n\n\n\n<hr class=\"wp-block-separator\"\/>\n\n\n\n<p><strong><strong>\u201cMFB \u2013 a family of medium-floor tramway bogies\u201d<\/strong> <\/strong>(INNOTECH-K3\/IN3\/4\/225774\/NCBR\/14), co-funded by the National Centre for Research and Development within the scope of the INNOTECH programme (support for science and enterprises with implementing innovative undertakings from various fields of science and branches of industry), co-funded by the European Union from the European Regional Development Fund under the Innovative Economy Operational Programme.<\/p>\n\n\n\n<figure class=\"wp-block-image size-large is-resized\"><img loading=\"lazy\" decoding=\"async\" src=\"http:\/\/transport.put.poznan.pl\/wp-content\/uploads\/2020\/07\/obraz-4-768x263-1.png\" alt=\"\" class=\"wp-image-600\" width=\"762\" height=\"260\" srcset=\"https:\/\/transport.put.poznan.pl\/wp-content\/uploads\/2020\/07\/obraz-4-768x263-1.png 768w, https:\/\/transport.put.poznan.pl\/wp-content\/uploads\/2020\/07\/obraz-4-768x263-1-300x103.png 300w\" sizes=\"auto, (max-width: 706px) 89vw, (max-width: 767px) 82vw, 740px\" \/><\/figure>\n\n\n\n<p>Project leader: Modertrans Pozna\u0144 sp. z o.o.<br>Project duration: 2014-2017<br>Project manager (on the part of the Pozna\u0144 University of Technology): dr hab. in\u017c. Bartosz Firlik, Associate Professor<br><br>The goal of the project carried out by the Consortium comprised of Modertrans Pozna\u0144 Sp. z o.o. and the Pozna\u0144 University of Technology was to introduce a new generation of products to the Consortium Leader\u2019s (Modertrans) range, which would be innovative with respect to the current state-of-the-art in terms of technological and functional characteristics. The new product developed in the course of R&#038;D work was a\u00a0family of medium-floor bogies for tramways, which \u2013 after being put into use \u2013 has contributed to increasing the efficiency, safety, and comfort of urban and suburban transport operation across the world.<\/p>\n\n\n\n<hr class=\"wp-block-separator\"\/>\n\n\n\n<p><strong><strong>\u201cInnovative urban tramway\u201d<\/strong><\/strong> (UOD-DEM-1-281\/00), co-financed by the National Centre for Research and Development within the scope of the DEMONSTRATOR+ programme (support for scientific research and development work on a demonstration scale), co-financed by the European Union from the European Regional Development Fund under the Innovative Economy Operational Programme.<\/p>\n\n\n\n<figure class=\"wp-block-image size-large\"><img loading=\"lazy\" decoding=\"async\" width=\"986\" height=\"781\" src=\"http:\/\/transport.put.poznan.pl\/wp-content\/uploads\/2020\/07\/obraz-2.png\" alt=\"\" class=\"wp-image-357\" srcset=\"https:\/\/transport.put.poznan.pl\/wp-content\/uploads\/2020\/07\/obraz-2.png 986w, https:\/\/transport.put.poznan.pl\/wp-content\/uploads\/2020\/07\/obraz-2-300x238.png 300w, https:\/\/transport.put.poznan.pl\/wp-content\/uploads\/2020\/07\/obraz-2-768x608.png 768w\" sizes=\"auto, (max-width: 706px) 89vw, (max-width: 767px) 82vw, 740px\" \/><\/figure>\n\n\n\n<p>Project leader: Modertrans Pozna\u0144 sp. z o.o.<br>Project duration: 2014-2016<br>Project manager (on the part of the Pozna\u0144 University of Technology): dr hab. in\u017c. Bartosz Firlik, Associate Professor<br><br>The goal was to design and create a prototype of a new urban tramway \u2013 Moderus Gamma LF 01 AC \u2013 a\u00a0fully low-floor tramway with unique parameters of operation on the European scale (low noise level, low-floor without any inclinations throughout the vehicle, and high comfort of travel, among other features).<\/p>\n\n\n\n<hr class=\"wp-block-separator\"\/>\n\n\n\n<ul class=\"wp-block-list\"><li><strong><strong>\u201cIdentification and modelling of non-linear phenomena in the contact area of the wheel with the rail with the aim of developing a new profile for the tramway wheel\u201d<\/strong><\/strong>, (LIDER\/20\/521\/L-4\/12\/NCBR\/2013) financed by the National Centre for Research and Development under the LIDER programme (support for the development of academic staff, in particular enhancing their competencies in planning and managing research on their own, as well as leading a research team by implementing research projects aimed at direct application).<\/li><\/ul>\n\n\n\n<figure class=\"wp-block-image size-large is-resized\"><img loading=\"lazy\" decoding=\"async\" src=\"http:\/\/transport.put.poznan.pl\/wp-content\/uploads\/2020\/07\/obraz-5-1024x364.png\" alt=\"\" class=\"wp-image-364\" width=\"800\" height=\"284\" srcset=\"https:\/\/transport.put.poznan.pl\/wp-content\/uploads\/2020\/07\/obraz-5-1024x364.png 1024w, https:\/\/transport.put.poznan.pl\/wp-content\/uploads\/2020\/07\/obraz-5-300x107.png 300w, https:\/\/transport.put.poznan.pl\/wp-content\/uploads\/2020\/07\/obraz-5-768x273.png 768w, https:\/\/transport.put.poznan.pl\/wp-content\/uploads\/2020\/07\/obraz-5.png 1396w\" sizes=\"auto, (max-width: 706px) 89vw, (max-width: 767px) 82vw, 740px\" \/><\/figure>\n\n\n\n<p>Project duration: 2014-2017<br>Project manager: dr hab. in\u017c. Bartosz Firlik, Associate Professor<br><br>The aim of the project was to optimise the tramway wheel profile to decrease the dynamic effect of the wheel on the track, decrease wheel and track wear, and improve the running characteristics of the vehicle (comfort of travel and safety against derailment, among others). The project comprised both in-service tests aiming to identify non-linear phenomena between the wheel and the rail, as well as numerical analyses of the vehicle\u2019s dynamic behaviour on a worn track \u2013 with the use of non-linear mathematical models. The project was completed in October 2017, and the obtained results were presented during a number of conferences, as well as railway and urban rail transport specialist meetings, both abroad and in Poland. The new tramway wheel profiles have been implemented in lathes used by the MPK Pozna\u0144 and MPK-\u0141\u00f3d\u017a urban rail transport operators.<\/p>\n\n\n\n<hr class=\"wp-block-separator\"\/>\n\n\n\n<p><strong><strong>\u201cTramway bogie design with two-stage suspension for the 1,000 mm track with alternating or direct current motors\u201d<\/strong><\/strong> (KBN nr 52-069\/2009\/GR), financed by the State Committee for Scientific Research.<\/p>\n\n\n\n<figure class=\"wp-block-image size-large\"><img loading=\"lazy\" decoding=\"async\" width=\"1024\" height=\"231\" src=\"http:\/\/transport.put.poznan.pl\/wp-content\/uploads\/2020\/07\/obraz-6-1024x231.png\" alt=\"\" class=\"wp-image-365\" srcset=\"https:\/\/transport.put.poznan.pl\/wp-content\/uploads\/2020\/07\/obraz-6-1024x231.png 1024w, https:\/\/transport.put.poznan.pl\/wp-content\/uploads\/2020\/07\/obraz-6-300x68.png 300w, https:\/\/transport.put.poznan.pl\/wp-content\/uploads\/2020\/07\/obraz-6-768x173.png 768w, https:\/\/transport.put.poznan.pl\/wp-content\/uploads\/2020\/07\/obraz-6-1536x346.png 1536w, https:\/\/transport.put.poznan.pl\/wp-content\/uploads\/2020\/07\/obraz-6.png 1770w\" sizes=\"auto, (max-width: 706px) 89vw, (max-width: 767px) 82vw, 740px\" \/><\/figure>\n\n\n\n<p>Project duration: 2009-2011<br>Project manager: dr hab. in\u017c. Jerzy Kwa\u015bnikowski<br><br>The goal of the project was to design, create a prototype of, carry out comprehensive implementation research, and put into production a new type of tramway driving bogie, type MT-03H\/1000, for the 1,000 mm track width, for tramway types 105N and 805N, currently under modernisation in Poland. Aside from the typical secondary suspension, the new bogie design featured a primary suspension, innovative in terms of its functionality. This made it possible to decrease the dynamic load of the bogie and reduce forces in the contact area of the wheel and the rail, which increased the ride safety and passenger comfort, and reduced noise emission.<\/p>\n\n\n\n<hr class=\"wp-block-separator\"\/>\n\n\n\n<p><strong>\u201cFeasibility analysis of the application of vibroacoustic processes for evaluating the condition of friction elements of the railway disc brake\u201d<\/strong> (N N504 644840), financed by the National Science Centre.<br><br>Project duration: 2011-2014<br>Project manager: dr hab. in\u017c. Wojciech Sawczuk<br><br>The project aimed to analyse the feasibility of the application of vibroacoustic processes for evaluating the condition of friction elements of the railway disc brake. In order to achieve the project goal, performance of the following research tasks was required: development of research methods for the evaluation of the wear of friction elements of the disc brake, mainly based on WA signals, verification tests, and formulation of the requirements for the prototype diagnostics system for evaluating the wear of friction elements of the railway disc brake.<\/p>\n\n\n\n<hr class=\"wp-block-separator\"\/>\n\n\n\n<p><strong>\u201cEvaluation and modelling of external and internal noise in urban transport vehicles\u201d<\/strong> (SCSR no. 52-101\/2010\/GR), financed by the State Committee for Scientific Research.<br><br>Project manager: dr hab. in\u017c. Ma\u0142gorzata Orczyk<\/p>\n\n\n\n<hr class=\"wp-block-separator\"\/>\n\n\n\n<p><strong>\u201cEvaluation of the acoustic environment in the vicinity of the A2 highway along the Komorniki-Krzesiny section\u201d<\/strong> (supervisor research grant of the SCSR no. 0596\/T02\/2006\/30), financed by the State Committee for Scientific Research.<br><br>Period of implementation: 2006-2007<br>Project manager: prof. dr hab. in\u017c. Franciszek Tomaszewski<\/p>\n\n\n\n<hr class=\"wp-block-separator\"\/>\n\n\n\n<p><strong>\u201cIdentification and modelling of the phenomena occurring during a combustion engine work cycle based on the vibration signal with reference to diagnostics\u201d<\/strong> (supervisor research grant of the SCSR no. 1824\/T12\/2005\/29), financed by the State Committee for Scientific Research.<br><br>Period of implementation: 2005-2006<br>Project manager: prof. dr hab. in\u017c. Franciszek Tomaszewski<\/p>\n\n\n\n<hr class=\"wp-block-separator\"\/>\n\n\n\n<p><strong>\u201cUse of selected characteristics of the vibration signal to evaluate valve clearance in a combustion engine\u201d<\/strong> (supervisor research grant of the SCSR no. 1630\/T12\/2004\/27), financed by the State Committee for Scientific Research.<br><br>Period of implementation: 2004-2005<br>Project manager: prof. dr hab. in\u017c. Franciszek Tomaszewski<\/p>\n\n\n\n<hr class=\"wp-block-separator\"\/>\n\n\n\n<p><strong>\u201cDevelopment of the diagnostics, reliability, and safety status monitoring and prediction system in the operation of railway vehicle combustion engines\u201d<\/strong> (SCSR no. 9T12D02512), financed by the State Committee for Scientific Research.<br><br>Project manager: prof. dr hab. in\u017c. Franciszek Tomaszewski<\/p>\n","protected":false},"excerpt":{"rendered":"<p>\u201cDeveloping a numerical model for simulating noise levels and psychoacoustic attributes of sound in the vicinity of rail infrastructure\u201d (PPN\/BDE\/2020\/1\/00009) funded by the Polish National Agency for Academic Exchange under the bilateral scientist exchange programme with the Federal Republic of Germany. Project duration: 2021-2022Project manager (on the part of the Pozna\u0144 University of Technology): dr &hellip; <\/p>\n<p class=\"link-more\"><a href=\"https:\/\/transport.put.poznan.pl\/en\/badania\/\" class=\"more-link\">Continue reading<span class=\"screen-reader-text\"> &#8220;Division of Rail Transport: Research projcets&#8221;<\/span><\/a><\/p>\n","protected":false},"author":7,"featured_media":0,"parent":0,"menu_order":0,"comment_status":"closed","ping_status":"closed","template":"","meta":{"footnotes":""},"class_list":["post-64","page","type-page","status-publish","hentry"],"_links":{"self":[{"href":"https:\/\/transport.put.poznan.pl\/en\/wp-json\/wp\/v2\/pages\/64","targetHints":{"allow":["GET"]}}],"collection":[{"href":"https:\/\/transport.put.poznan.pl\/en\/wp-json\/wp\/v2\/pages"}],"about":[{"href":"https:\/\/transport.put.poznan.pl\/en\/wp-json\/wp\/v2\/types\/page"}],"author":[{"embeddable":true,"href":"https:\/\/transport.put.poznan.pl\/en\/wp-json\/wp\/v2\/users\/7"}],"replies":[{"embeddable":true,"href":"https:\/\/transport.put.poznan.pl\/en\/wp-json\/wp\/v2\/comments?post=64"}],"version-history":[{"count":45,"href":"https:\/\/transport.put.poznan.pl\/en\/wp-json\/wp\/v2\/pages\/64\/revisions"}],"predecessor-version":[{"id":1208,"href":"https:\/\/transport.put.poznan.pl\/en\/wp-json\/wp\/v2\/pages\/64\/revisions\/1208"}],"wp:attachment":[{"href":"https:\/\/transport.put.poznan.pl\/en\/wp-json\/wp\/v2\/media?parent=64"}],"curies":[{"name":"wp","href":"https:\/\/api.w.org\/{rel}","templated":true}]}}