{"id":503,"date":"2020-07-14T17:57:20","date_gmt":"2020-07-14T15:57:20","guid":{"rendered":"http:\/\/transport.put.poznan.pl\/?page_id=503"},"modified":"2024-10-15T18:29:51","modified_gmt":"2024-10-15T16:29:51","slug":"projekty-badawcze-zakladu-systemow-transportowych","status":"publish","type":"page","link":"https:\/\/transport.put.poznan.pl\/en\/projekty-badawcze-zakladu-systemow-transportowych\/","title":{"rendered":"Projekty badawcze Zak\u0142adu System\u00f3w Transportowych"},"content":{"rendered":"\n<p><p><strong><a rel=\"noreferrer noopener\" href=\"https:\/\/t-included.put.poznan.pl\" target=\"_blank\">T-INCLUDED\nAnaliza skali wykluczenia komunikacyjnego na obszarze Polski wraz z rekomendacjami zmian legislacyjnych w kontek\u015bcie publicznego transportu zbiorowego<\/a><\/strong><\/p>\n\n\n<p>Strategiczny Program Bada\u0144 Naukowych i Prac Rozwojowych \u201eSpo\u0142eczny i gospodarczy rozw\u00f3j Polski w warunkach globalizuj\u0105cych si\u0119 rynk\u00f3w\u201d \u2013 GOSPOSTRATEG<\/p>\n\n\n<p><strong>Opracowanie modelu optymalizuj\u0105cego proces kompletacji jednostek \u0142adunkowych oraz kompleksowego modelu i metodyk rekomendacji optymalnych decyzji w procesach zarz\u0105dzania dystrybucj\u0105 towar\u00f3w. <\/strong><\/p>\n\n\n\n<p>Zleceniodawca:&nbsp;M-Logistic Sp. z o.o. (Grupa Maspex) Tychy (finansowanie NCBiR)<\/p>\n\n\n\n<hr class=\"wp-block-separator\"\/>\n\n\n\n<p><strong>Koncepcja organizacji ruchu na os. \u015aw. \u0141azarz w Poznaniu<\/strong><\/p>\n\n\n\n<p>Zleceniodawca:&nbsp;Miasto Pozna\u0144, Zarz\u0105d Dr\u00f3g Miejskich<\/p>\n\n\n\n<hr class=\"wp-block-separator\"\/>\n\n\n\n<p><strong><a rel=\"noreferrer noopener\" href=\"https:\/\/bip.umww.pl\/292---k_91---k_92---plan-zrownowazonego-rozwoju-publicznego-transportu-zbiorowego\" target=\"_blank\">Metodyka i Opracowanie Planu Zr\u00f3wnowa\u017conego Rozwoju Publicznego Transportu Zbiorowego dla wojew\u00f3dztwa wielkopolskiego<\/a><\/strong><\/p>\n\n\n\n<p>Zleceniodawca:&nbsp;Urz\u0105d Marsza\u0142kowski Wojew\u00f3dztwa Wielkopolskiego<\/p>\n\n\n\n<hr class=\"wp-block-separator\"\/>\n\n\n\n<p><strong>E-taxi System symulacyjny dla zr\u00f3wnowa\u017conego zarz\u0105dzania mieszan\u0105 elektryczn\u0105 i spalinow\u0105 flot\u0105 taks\u00f3wek<\/strong> <\/p>\n\n\n\n<figure class=\"wp-block-embed is-type-video is-provider-vimeo wp-block-embed-vimeo wp-embed-aspect-16-9 wp-has-aspect-ratio\"><div class=\"wp-block-embed__wrapper\">\n<iframe loading=\"lazy\" title=\"MATSim Scenario of Poznan, Poland\" src=\"https:\/\/player.vimeo.com\/video\/54141254?dnt=1&amp;app_id=122963\" width=\"525\" height=\"295\" frameborder=\"0\" allow=\"autoplay; fullscreen; picture-in-picture; clipboard-write; encrypted-media; web-share\"><\/iframe>\n<\/div><\/figure>\n\n\n\n<hr class=\"wp-block-separator\"\/>\n\n\n\n<p><strong>SMART-PT. Smart Adaptive Public Transport<\/strong><\/p>\n\n\n\n<hr class=\"wp-block-separator\"\/>\n\n\n\n<p><strong>MATSim&#8217;s DVRP extension for simulation and optimization of Dynamic Transport Service<\/strong><\/p>\n","protected":false},"excerpt":{"rendered":"<p>T-INCLUDED Analiza skali wykluczenia komunikacyjnego na obszarze Polski wraz z rekomendacjami zmian legislacyjnych w kontek\u015bcie publicznego transportu zbiorowego Strategiczny Program Bada\u0144 Naukowych i Prac Rozwojowych \u201eSpo\u0142eczny i gospodarczy rozw\u00f3j Polski w warunkach globalizuj\u0105cych si\u0119 rynk\u00f3w\u201d \u2013 GOSPOSTRATEG Opracowanie modelu optymalizuj\u0105cego proces kompletacji jednostek \u0142adunkowych oraz kompleksowego modelu i metodyk rekomendacji optymalnych decyzji w procesach zarz\u0105dzania &hellip; <\/p>\n<p class=\"link-more\"><a href=\"https:\/\/transport.put.poznan.pl\/en\/projekty-badawcze-zakladu-systemow-transportowych\/\" class=\"more-link\">Continue reading<span class=\"screen-reader-text\"> &#8220;Projekty badawcze Zak\u0142adu System\u00f3w Transportowych&#8221;<\/span><\/a><\/p>\n","protected":false},"author":2,"featured_media":0,"parent":0,"menu_order":0,"comment_status":"closed","ping_status":"closed","template":"","meta":{"footnotes":""},"class_list":["post-503","page","type-page","status-publish","hentry"],"_links":{"self":[{"href":"https:\/\/transport.put.poznan.pl\/en\/wp-json\/wp\/v2\/pages\/503","targetHints":{"allow":["GET"]}}],"collection":[{"href":"https:\/\/transport.put.poznan.pl\/en\/wp-json\/wp\/v2\/pages"}],"about":[{"href":"https:\/\/transport.put.poznan.pl\/en\/wp-json\/wp\/v2\/types\/page"}],"author":[{"embeddable":true,"href":"https:\/\/transport.put.poznan.pl\/en\/wp-json\/wp\/v2\/users\/2"}],"replies":[{"embeddable":true,"href":"https:\/\/transport.put.poznan.pl\/en\/wp-json\/wp\/v2\/comments?post=503"}],"version-history":[{"count":5,"href":"https:\/\/transport.put.poznan.pl\/en\/wp-json\/wp\/v2\/pages\/503\/revisions"}],"predecessor-version":[{"id":1402,"href":"https:\/\/transport.put.poznan.pl\/en\/wp-json\/wp\/v2\/pages\/503\/revisions\/1402"}],"wp:attachment":[{"href":"https:\/\/transport.put.poznan.pl\/en\/wp-json\/wp\/v2\/media?parent=503"}],"curies":[{"name":"wp","href":"https:\/\/api.w.org\/{rel}","templated":true}]}}