{"id":50,"date":"2020-05-28T10:58:22","date_gmt":"2020-05-28T08:58:22","guid":{"rendered":"http:\/\/transport.put.poznan.pl\/?page_id=50"},"modified":"2025-08-20T23:37:16","modified_gmt":"2025-08-20T21:37:16","slug":"struktura","status":"publish","type":"page","link":"https:\/\/transport.put.poznan.pl\/en\/struktura\/","title":{"rendered":"Structure"},"content":{"rendered":"\n<p>The Institute of Transport is one of the six Institutes at the <a rel=\"noreferrer noopener\" href=\"http:\/\/wilit.put.poznan.pl\" target=\"_blank\">Faculty of Civil and Transport Engineering<\/a>. The Institute consists of three Divisions:<\/p>\n\n\n\n<ul class=\"wp-block-list\"><li><strong>Division of Universal Design and Mobility Devices<\/strong> &#8211; Chair: dr hab. in\u017c. Marek Zab\u0142ocki, prof. PP<\/li><li><a rel=\"noreferrer noopener\" href=\"http:\/\/dts.put.poznan.pl\" target=\"_blank\"><strong>Division of Transport Systems<\/strong><\/a> &#8211; Chair: dr hab. in\u017c. Piotr Sawicki, prof. PP<\/li><li><strong>Division of Rail Transport <\/strong>&#8211; Chair: dr hab. in\u017c. Bartosz Firlik, prof. PP<\/li><\/ul>\n\n\n\n<p><\/p>\n","protected":false},"excerpt":{"rendered":"<p>The Institute of Transport is one of the six Institutes at the Faculty of Civil and Transport Engineering. The Institute consists of three Divisions: Division of Universal Design and Mobility Devices &#8211; Chair: dr hab. in\u017c. Marek Zab\u0142ocki, prof. PP Division of Transport Systems &#8211; Chair: dr hab. in\u017c. Piotr Sawicki, prof. PP Division of &hellip; <\/p>\n<p class=\"link-more\"><a href=\"https:\/\/transport.put.poznan.pl\/en\/struktura\/\" class=\"more-link\">Continue reading<span class=\"screen-reader-text\"> &#8220;Structure&#8221;<\/span><\/a><\/p>\n","protected":false},"author":2,"featured_media":0,"parent":0,"menu_order":0,"comment_status":"closed","ping_status":"closed","template":"","meta":{"footnotes":""},"class_list":["post-50","page","type-page","status-publish","hentry"],"_links":{"self":[{"href":"https:\/\/transport.put.poznan.pl\/en\/wp-json\/wp\/v2\/pages\/50","targetHints":{"allow":["GET"]}}],"collection":[{"href":"https:\/\/transport.put.poznan.pl\/en\/wp-json\/wp\/v2\/pages"}],"about":[{"href":"https:\/\/transport.put.poznan.pl\/en\/wp-json\/wp\/v2\/types\/page"}],"author":[{"embeddable":true,"href":"https:\/\/transport.put.poznan.pl\/en\/wp-json\/wp\/v2\/users\/2"}],"replies":[{"embeddable":true,"href":"https:\/\/transport.put.poznan.pl\/en\/wp-json\/wp\/v2\/comments?post=50"}],"version-history":[{"count":18,"href":"https:\/\/transport.put.poznan.pl\/en\/wp-json\/wp\/v2\/pages\/50\/revisions"}],"predecessor-version":[{"id":1423,"href":"https:\/\/transport.put.poznan.pl\/en\/wp-json\/wp\/v2\/pages\/50\/revisions\/1423"}],"wp:attachment":[{"href":"https:\/\/transport.put.poznan.pl\/en\/wp-json\/wp\/v2\/media?parent=50"}],"curies":[{"name":"wp","href":"https:\/\/api.w.org\/{rel}","templated":true}]}}