{"id":46,"date":"2020-05-28T10:57:24","date_gmt":"2020-05-28T08:57:24","guid":{"rendered":"http:\/\/transport.put.poznan.pl\/?page_id=46"},"modified":"2025-03-26T18:58:03","modified_gmt":"2025-03-26T17:58:03","slug":"wladze","status":"publish","type":"page","link":"https:\/\/transport.put.poznan.pl\/en\/wladze\/","title":{"rendered":"W\u0142adze"},"content":{"rendered":"\n<figure class=\"wp-block-table\"><table><tbody><tr><td>The Director:<\/td><td><strong>prof. dr hab. Agnieszka Merkisz-Guranowska<\/strong><\/td><\/tr><tr><td>The Deputy Director:<\/td><td><strong>dr hab. in\u017c. Ma\u0142gorzata Orczyk, prof. PP<\/strong><\/td><\/tr><tr><td>The Chair of the Division of Universal Design and Mobility Devices<\/td><td><strong>dr hab. in\u017c. Marek Zab\u0142ocki<\/strong><\/td><\/tr><tr><td>The Chair of the Division of Transport Systems<\/td><td><strong>dr hab. in\u017c. Piotr Sawicki<\/strong><\/td><\/tr><tr><td>The Chair of the Division of Rail Transport<\/td><td><strong>dr hab. in\u017c. Bartosz Firlik, prof. PP<\/strong><\/td><\/tr><\/tbody><\/table><\/figure>\n","protected":false},"excerpt":{"rendered":"<p>The Director: prof. dr hab. Agnieszka Merkisz-Guranowska The Deputy Director: dr hab. in\u017c. Ma\u0142gorzata Orczyk, prof. PP The Chair of the Division of Universal Design and Mobility Devices dr hab. in\u017c. Marek Zab\u0142ocki The Chair of the Division of Transport Systems dr hab. in\u017c. Piotr Sawicki The Chair of the Division of Rail Transport dr &hellip; <\/p>\n<p class=\"link-more\"><a href=\"https:\/\/transport.put.poznan.pl\/en\/wladze\/\" class=\"more-link\">Continue reading<span class=\"screen-reader-text\"> &#8220;W\u0142adze&#8221;<\/span><\/a><\/p>\n","protected":false},"author":1,"featured_media":0,"parent":0,"menu_order":0,"comment_status":"closed","ping_status":"closed","template":"","meta":{"footnotes":""},"class_list":["post-46","page","type-page","status-publish","hentry"],"_links":{"self":[{"href":"https:\/\/transport.put.poznan.pl\/en\/wp-json\/wp\/v2\/pages\/46","targetHints":{"allow":["GET"]}}],"collection":[{"href":"https:\/\/transport.put.poznan.pl\/en\/wp-json\/wp\/v2\/pages"}],"about":[{"href":"https:\/\/transport.put.poznan.pl\/en\/wp-json\/wp\/v2\/types\/page"}],"author":[{"embeddable":true,"href":"https:\/\/transport.put.poznan.pl\/en\/wp-json\/wp\/v2\/users\/1"}],"replies":[{"embeddable":true,"href":"https:\/\/transport.put.poznan.pl\/en\/wp-json\/wp\/v2\/comments?post=46"}],"version-history":[{"count":29,"href":"https:\/\/transport.put.poznan.pl\/en\/wp-json\/wp\/v2\/pages\/46\/revisions"}],"predecessor-version":[{"id":1417,"href":"https:\/\/transport.put.poznan.pl\/en\/wp-json\/wp\/v2\/pages\/46\/revisions\/1417"}],"wp:attachment":[{"href":"https:\/\/transport.put.poznan.pl\/en\/wp-json\/wp\/v2\/media?parent=46"}],"curies":[{"name":"wp","href":"https:\/\/api.w.org\/{rel}","templated":true}]}}