{"id":1393,"date":"2024-10-15T18:21:21","date_gmt":"2024-10-15T16:21:21","guid":{"rendered":"https:\/\/transport.put.poznan.pl\/?page_id=1393"},"modified":"2024-10-15T18:21:22","modified_gmt":"2024-10-15T16:21:22","slug":"projekty-badawcze-realizowane-przez-zaklady-wchodzace-w-sklad-instytutu-transportu","status":"publish","type":"page","link":"https:\/\/transport.put.poznan.pl\/en\/projekty-badawcze-realizowane-przez-zaklady-wchodzace-w-sklad-instytutu-transportu\/","title":{"rendered":"Projekty badawcze i publikacje pracownik\u00f3w Instytutu Transportu"},"content":{"rendered":"\n<p><a href=\"http:\/\/transport.put.poznan.pl\/badania\/\">Zak\u0142ad Transportu Szynowego<\/a><br><a href=\"http:\/\/transport.put.poznan.pl\/projekty-badawcze-zakladu-systemow-transportowych\/\">Zak\u0142ad System\u00f3w Transportowych<\/a><br>Zak\u0142ad Projektowania Uniwersalnego i \u015arodk\u00f3w Mobilno\u015bci<\/p>\n\n\n\n<h4 class=\"wp-block-heading\" id=\"wp-block-themeisle-blocks-advanced-heading-8b61c08e\"><a href=\"https:\/\/sin.put.poznan.pl\/organizations\/details\/instytut-transportu-wydzial-inzynierii-ladowej-i-transportu-politechnika-poznanska\">Publikacje pracownik\u00f3w Instytutu Transportu (od 2020 roku):<br>System Informacji Naukowej Politechniki Pozna\u0144skie<\/a><\/h4>\n","protected":false},"excerpt":{"rendered":"<p>Zak\u0142ad Transportu SzynowegoZak\u0142ad System\u00f3w TransportowychZak\u0142ad Projektowania Uniwersalnego i \u015arodk\u00f3w Mobilno\u015bci Publikacje pracownik\u00f3w Instytutu Transportu (od 2020 roku):System Informacji Naukowej Politechniki Pozna\u0144skie<\/p>\n","protected":false},"author":1,"featured_media":0,"parent":0,"menu_order":0,"comment_status":"closed","ping_status":"closed","template":"","meta":{"footnotes":""},"class_list":["post-1393","page","type-page","status-publish","hentry"],"_links":{"self":[{"href":"https:\/\/transport.put.poznan.pl\/en\/wp-json\/wp\/v2\/pages\/1393","targetHints":{"allow":["GET"]}}],"collection":[{"href":"https:\/\/transport.put.poznan.pl\/en\/wp-json\/wp\/v2\/pages"}],"about":[{"href":"https:\/\/transport.put.poznan.pl\/en\/wp-json\/wp\/v2\/types\/page"}],"author":[{"embeddable":true,"href":"https:\/\/transport.put.poznan.pl\/en\/wp-json\/wp\/v2\/users\/1"}],"replies":[{"embeddable":true,"href":"https:\/\/transport.put.poznan.pl\/en\/wp-json\/wp\/v2\/comments?post=1393"}],"version-history":[{"count":3,"href":"https:\/\/transport.put.poznan.pl\/en\/wp-json\/wp\/v2\/pages\/1393\/revisions"}],"predecessor-version":[{"id":1396,"href":"https:\/\/transport.put.poznan.pl\/en\/wp-json\/wp\/v2\/pages\/1393\/revisions\/1396"}],"wp:attachment":[{"href":"https:\/\/transport.put.poznan.pl\/en\/wp-json\/wp\/v2\/media?parent=1393"}],"curies":[{"name":"wp","href":"https:\/\/api.w.org\/{rel}","templated":true}]}}