{"id":1105,"date":"2021-06-22T13:39:17","date_gmt":"2021-06-22T11:39:17","guid":{"rendered":"https:\/\/transport.put.poznan.pl\/?page_id=1105"},"modified":"2021-07-20T20:52:16","modified_gmt":"2021-07-20T18:52:16","slug":"studia-podyplomowe-nowoczesne-systemy-transportu-szynowego","status":"publish","type":"page","link":"https:\/\/transport.put.poznan.pl\/en\/studia-podyplomowe-nowoczesne-systemy-transportu-szynowego\/","title":{"rendered":"Studia podyplomowe &#8211; Nowoczesne systemy transportu szynowego"},"content":{"rendered":"\n<div class=\"wp-block-columns is-layout-flex wp-container-core-columns-is-layout-9d6595d7 wp-block-columns-is-layout-flex\">\n<div class=\"wp-block-column is-layout-flow wp-block-column-is-layout-flow\" style=\"flex-basis:100%\">\n<p>Politechnika Pozna\u0144ska we wsp\u00f3\u0142pracy z Sieci\u0105 Badawcz\u0105 \u0141ukasiewicz \u2013 Instytut Pojazd\u00f3w Szynowych \u201eTABOR\u201d pod patronatem Polskiej Izby Producent\u00f3w Urz\u0105dze\u0144 i Us\u0142ug na Rzecz Kolei utworzy\u0142o nowy kierunek studi\u00f3w podyplomowych \u2013 \u201e<strong>Nowoczesne systemy transportu szynowego<\/strong>\u201d.<\/p>\n\n\n\n<p>Dzi\u0119ki wsp\u00f3\u0142pracy renomowanych wyk\u0142adowc\u00f3w oraz d\u0142ugoletnich praktyk\u00f3w kierunek ten stanowi niepowtarzaln\u0105 okazj\u0119 na zapoznanie si\u0119 z najnowszymi technologiami stosowanymi w pojazdach szynowych. Ogromna wiedza oraz do\u015bwiadczenie pracownik\u00f3w naukowych Politechniki Pozna\u0144skiej, niezliczone projekty oraz konstrukcje stworzone przez pracownik\u00f3w Instytutu i os\u00f3b posiadaj\u0105cych ogromne do\u015bwiadczenie w bran\u017cy kolejowej sprawiaj\u0105, \u017ce program studi\u00f3w jest niezwykle atrakcyjny dla s\u0142uchaczy.<\/p>\n\n\n\n<p>Dla uczestnik\u00f3w przewidziane s\u0105 r\u00f3wnie\u017c zaj\u0119cia praktyczne, dla pozyskania do\u015bwiadcze\u0144 w zakresie nowoczesnych rozwi\u0105za\u0144 stosowanych&nbsp; w systemach transportu szynowego.<\/p>\n\n\n\n<p>Kierunek jest obj\u0119ty presti\u017cowym patronatem Polskiej Izby Producent\u00f3w Urz\u0105dze\u0144 i Us\u0142ug na Rzecz Kolei, kt\u00f3ra skupia podmioty gospodarcze zwi\u0105zane z rynkiem kolejowym. Dzi\u0119ki temu informacja o nowym kierunku dotrze do szerokiego grona odbiorc\u00f3w z ca\u0142ego kraju, przez co przewiduje si\u0119 ogromne zainteresowanie.<\/p>\n\n\n\n<p>Innowacyjno\u015b\u0107 programu po\u0142\u0105czona z zaj\u0119ciami praktycznymi stanowi doskona\u0142y spos\u00f3b na pog\u0142\u0119bienie wiedzy i zapoznanie si\u0119 z najnowszymi technologiami.<\/p>\n\n\n\n<p><strong>Wymagane kierunki uko\u0144czenia studi\u00f3w wy\u017cszych przez kandydat\u00f3w na studia podyplomowe:<\/strong> <em>Mechanika i Budowa Maszyn, Transport, Konstrukcja i Eksploatacja \u015arodk\u00f3w Transportu, Budownictwo, Lotnictwo i kosmonautyka, Mechatronika.<\/em><\/p>\n\n\n\n<p><strong>Inne wymagania:<\/strong> <em>Uko\u0144czone studia wy\u017csze, stopie\u0144 magistra.<\/em><\/p>\n\n\n\n<p>Warunkiem przyj\u0119cia na studia jest spe\u0142nienie: <em>kryteri\u00f3w naboru i pozytywny przebieg post\u0119powania kwalifikacyjnego oraz wniesienie op\u0142aty z tyt. uczestnictwa w studiach w wysoko\u015bci: 4300 z\u0142<\/em>.<\/p>\n\n\n\n<p><strong>Warunkiem uko\u0144czenia studi\u00f3w jest:<\/strong><\/p>\n\n\n\n<ul class=\"wp-block-list\"><li><em>uzyskanie wymaganej liczby punkt\u00f3w ECTS,<\/em><\/li><li><em>obrona pracy ko\u0144cowej z wynikiem pozytywnym,<\/em><\/li><li><em>z\u0142o\u017cenie egzaminu ko\u0144cowego z wynikiem co najmniej dostatecznym.<\/em><\/li><\/ul>\n\n\n\n<p><strong>Zg\u0142oszenia:<\/strong> <a href=\"http:\/\/rekrutacja.put.poznan.pl\" data-type=\"URL\" data-id=\"rekrutacja.put.poznan.pl\" target=\"_blank\" rel=\"noreferrer noopener\">rekrutacja.put.poznan.pl<\/a><\/p>\n<\/div>\n<\/div>\n\n\n\n<p><strong>Czas trwania studi\u00f3w: <\/strong>2 semestry<\/p>\n\n\n\n<p><strong>Najbli\u017csza edycja:<\/strong> od pa\u017adziernika 2021 do wrze\u015bnia 2022<\/p>\n\n\n\n<p><strong>Koszt: <\/strong>4300 z\u0142otych (mo\u017cliwo\u015b\u0107 wniesienia op\u0142aty w dw\u00f3ch ratach)<\/p>\n\n\n\n<p><strong>Terminy zaj\u0119\u0107: <\/strong>soboty (2-3 w miesi\u0105cu) w godzinach 9:00-19:00<\/p>\n\n\n\n<p><strong>Przedmioty wchodz\u0105ce w sk\u0142ad studi\u00f3w:<\/strong><\/p>\n\n\n\n<ul class=\"wp-block-list\"><li>Nowe technologie w projektowaniu i budowie pojazd\u00f3w szynowych<\/li><li>Systemy eksploatacji pojazd\u00f3w szynowych<\/li><li>Dopuszczenie pojazd\u00f3w szynowych do ruchu<\/li><li>Niekonwencjonalne uk\u0142ady nap\u0119dowe pojazd\u00f3w szynowych<\/li><li>Kolejowe systemy transportu intermodalnego<\/li><li>Zr\u00f3wnowa\u017cony transport i mobilno\u015b\u0107<\/li><li>Transport szynowy a \u015brodowisko naturalne<\/li><li>Zarz\u0105dzanie projektami kolejowymi i finansowaniem<\/li><li>Nowoczesne metody zarz\u0105dzania ryzykiem w transporcie kolejowym<\/li><li>Wsp\u00f3\u0142czesne metody i koncepcje zarz\u0105dzania podmiotami kolejowymi<\/li><li>Nowe technologie w projektowaniu i utrzymaniu infrastruktury kolejowej<\/li><li>Inteligentne systemy sterownia ruchem kolejowym<\/li><\/ul>\n\n\n\n<p>Bli\u017cszych informacji udziela dr Sylwia \u0141uczak &#8211; tel. 61 665 2260, <a rel=\"noreferrer noopener\" href=\"mailto:instytut.transportu@put.poznan.pl\" target=\"_blank\">instytut.transportu@put.poznan.pl<\/a><\/p>\n\n\n\n<p>Kierownik studi\u00f3w: prof. dr hab. in\u017c. Franciszek Tomaszewski &#8211; tel. 61 665 2570, <a rel=\"noreferrer noopener\" href=\"mailto:franciszek.tomaszewski@put.poznan.pl\" target=\"_blank\">franciszek.tomaszewski@put.poznan.pl<\/a><\/p>\n\n\n\n<div class=\"wp-block-file\"><a href=\"https:\/\/transport.put.poznan.pl\/wp-content\/uploads\/2021\/06\/Plakat_Studia-podyplomowe_NSTS.pdf\">Plakat_Studia-podyplomowe_NSTS<\/a><a href=\"https:\/\/transport.put.poznan.pl\/wp-content\/uploads\/2021\/06\/Plakat_Studia-podyplomowe_NSTS.pdf\" class=\"wp-block-file__button\" download>Pobierz<\/a><\/div>\n","protected":false},"excerpt":{"rendered":"<p>Politechnika Pozna\u0144ska we wsp\u00f3\u0142pracy z Sieci\u0105 Badawcz\u0105 \u0141ukasiewicz \u2013 Instytut Pojazd\u00f3w Szynowych \u201eTABOR\u201d pod patronatem Polskiej Izby Producent\u00f3w Urz\u0105dze\u0144 i Us\u0142ug na Rzecz Kolei utworzy\u0142o nowy kierunek studi\u00f3w podyplomowych \u2013 \u201eNowoczesne systemy transportu szynowego\u201d. Dzi\u0119ki wsp\u00f3\u0142pracy renomowanych wyk\u0142adowc\u00f3w oraz d\u0142ugoletnich praktyk\u00f3w kierunek ten stanowi niepowtarzaln\u0105 okazj\u0119 na zapoznanie si\u0119 z najnowszymi technologiami stosowanymi w pojazdach &hellip; <\/p>\n<p class=\"link-more\"><a href=\"https:\/\/transport.put.poznan.pl\/en\/studia-podyplomowe-nowoczesne-systemy-transportu-szynowego\/\" class=\"more-link\">Continue reading<span class=\"screen-reader-text\"> &#8220;Studia podyplomowe &#8211; Nowoczesne systemy transportu szynowego&#8221;<\/span><\/a><\/p>\n","protected":false},"author":5,"featured_media":0,"parent":0,"menu_order":0,"comment_status":"closed","ping_status":"closed","template":"","meta":{"footnotes":""},"class_list":["post-1105","page","type-page","status-publish","hentry"],"_links":{"self":[{"href":"https:\/\/transport.put.poznan.pl\/en\/wp-json\/wp\/v2\/pages\/1105","targetHints":{"allow":["GET"]}}],"collection":[{"href":"https:\/\/transport.put.poznan.pl\/en\/wp-json\/wp\/v2\/pages"}],"about":[{"href":"https:\/\/transport.put.poznan.pl\/en\/wp-json\/wp\/v2\/types\/page"}],"author":[{"embeddable":true,"href":"https:\/\/transport.put.poznan.pl\/en\/wp-json\/wp\/v2\/users\/5"}],"replies":[{"embeddable":true,"href":"https:\/\/transport.put.poznan.pl\/en\/wp-json\/wp\/v2\/comments?post=1105"}],"version-history":[{"count":7,"href":"https:\/\/transport.put.poznan.pl\/en\/wp-json\/wp\/v2\/pages\/1105\/revisions"}],"predecessor-version":[{"id":1121,"href":"https:\/\/transport.put.poznan.pl\/en\/wp-json\/wp\/v2\/pages\/1105\/revisions\/1121"}],"wp:attachment":[{"href":"https:\/\/transport.put.poznan.pl\/en\/wp-json\/wp\/v2\/media?parent=1105"}],"curies":[{"name":"wp","href":"https:\/\/api.w.org\/{rel}","templated":true}]}}